{"id":16423,"date":"2025-03-04T08:47:13","date_gmt":"2025-03-04T08:47:13","guid":{"rendered":"https:\/\/3kcelik.com.tr\/?page_id=16423"},"modified":"2025-03-04T08:47:13","modified_gmt":"2025-03-04T08:47:13","slug":"celik-konstruksiyon-nedir-avantajlari-nelerdir","status":"publish","type":"page","link":"https:\/\/3kcelik.com.tr\/index.php\/celik-konstruksiyon-nedir-avantajlari-nelerdir\/","title":{"rendered":"\u00c7elik Konstr\u00fcksiyon Nedir? Avantajlar\u0131 Nelerdir?"},"content":{"rendered":"\n<figure class=\"wp-block-image size-full\"><img loading=\"lazy\" decoding=\"async\" width=\"945\" height=\"783\" src=\"https:\/\/3kcelik.com.tr\/wp-content\/uploads\/2025\/02\/image-2.png\" alt=\"\" class=\"wp-image-15970\" srcset=\"https:\/\/3kcelik.com.tr\/wp-content\/uploads\/2025\/02\/image-2.png 945w, https:\/\/3kcelik.com.tr\/wp-content\/uploads\/2025\/02\/image-2-362x300.png 362w, https:\/\/3kcelik.com.tr\/wp-content\/uploads\/2025\/02\/image-2-768x636.png 768w, https:\/\/3kcelik.com.tr\/wp-content\/uploads\/2025\/02\/image-2-430x356.png 430w, https:\/\/3kcelik.com.tr\/wp-content\/uploads\/2025\/02\/image-2-700x580.png 700w, https:\/\/3kcelik.com.tr\/wp-content\/uploads\/2025\/02\/image-2-150x124.png 150w\" sizes=\"auto, (max-width: 945px) 100vw, 945px\" \/><\/figure>\n\n\n\n<p>Dayan\u0131kl\u0131l\u0131\u011f\u0131 ve uzun \u00f6m\u00fcrl\u00fc kullan\u0131m\u0131 ile yap\u0131 sekt\u00f6r\u00fcnde \u00f6ne \u00e7\u0131kan \u00e7elik konstr\u00fcksiyon nedir biliyor musunuz? \u00c7elik malzemenin ba\u015frol oynad\u0131\u011f\u0131 \u00e7elik konstr\u00fcksiyon yap\u0131lar ile g\u00fcvenli ve dayan\u0131kl\u0131 bir ya\u015fam alan\u0131n\u0131n keyfini \u00e7\u0131karabilirsiniz. Peki<strong>&nbsp;\u00e7elik konstr\u00fcksiyon ne i\u015fe yarar&nbsp;<\/strong>ve yap\u0131da \u00e7elik konstr\u00fcksiyon kullanman\u0131n avantajlar\u0131 nelerdir?<\/p>\n\n\n\n<p><strong>\u00c7elik Konstr\u00fcksiyon Nedir?<\/strong><\/p>\n\n\n\n<p><strong>\u00c7elik konstr\u00fcksiyon ne demek<\/strong>&nbsp;sorusunun cevab\u0131, ta\u015f\u0131y\u0131c\u0131 sistemin t\u00fcm\u00fcn\u00fcn \u00e7elikten \u00fcretildi\u011fi yap\u0131lard\u0131r. Bilindi\u011fi \u00fczere betonarme yap\u0131larda ta\u015f\u0131y\u0131c\u0131 sistem genellikle beton veya betonarme elemanlardan olu\u015fur. \u00c7elik konstr\u00fcksiyon yap\u0131larda ise \u00e7eli\u011fin hafif, dayan\u0131kl\u0131 ve esnek yap\u0131daki \u00f6zelliklerinden faydalan\u0131r.<\/p>\n\n\n\n<p>\u00c7elik evlerde ve prefabrik yap\u0131larda kullan\u0131lan paslanmaz \u00e7elik saclar, \u00e7elik konstr\u00fcksiyonun ana malzemesidir. Esas\u0131nda bir<strong>&nbsp;yap\u0131m tekni\u011fi olan \u00e7elik konstr\u00fcksiyon,<\/strong>&nbsp;yap\u0131n ihtiya\u00e7lar\u0131na g\u00f6re yap\u0131 iskeletinin \u00f6nceden haz\u0131rlanmas\u0131d\u0131r. \u0130n\u015faat s\u00fcrecini h\u0131zland\u0131ran \u00e7elik kullan\u0131m\u0131, daha az malzeme e\u015fli\u011finde \u00e7elik yap\u0131n\u0131n pratik ve h\u0131zl\u0131 \u015fekilde tamamlanmas\u0131n\u0131 sa\u011flar. Peki t\u00fcm i\u015flevleri ile \u00e7elik konstr\u00fcksiyon yap\u0131 ne i\u015fe yarar?<\/p>\n\n\n\n<p><strong>\u00c7elik Konstr\u00fcksiyon Ne \u0130\u015fe Yarar?<\/strong><\/p>\n\n\n\n<p>\u00c7elik konstr\u00fcksiyon tekni\u011finin temel i\u015flevi,&nbsp;<strong>bina y\u00fck a\u011f\u0131rl\u0131\u011f\u0131n\u0131 dengeli \u015fekilde ta\u015f\u0131makt\u0131r.&nbsp;<\/strong>Bilindi\u011fi \u00fczere tek ba\u015f\u0131na beton kullan\u0131m\u0131, dinamik y\u00fcklerin ta\u015f\u0131nmas\u0131 ve y\u00fcksek yap\u0131lar\u0131n in\u015fa edilmesinde yeterli de\u011fildir. Bunun nedeni ise betonun \u00e7ekme ve e\u011filme kuvvetine kar\u015f\u0131 zay\u0131f \u00f6zellikte olmas\u0131d\u0131r. Bundan dolay\u0131<strong>&nbsp;bina y\u00fck\u00fcn\u00fcn ta\u015f\u0131nmas\u0131 i\u00e7in sa\u011flam ve y\u00fcksek diren\u00e7li&nbsp;<\/strong>\u00e7elikten yararlanmas\u0131 gerekir.<\/p>\n\n\n\n<p>\u00c7elik konstr\u00fcksiyonun di\u011fer i\u015flevlerini de \u015f\u00f6yle s\u0131ralayabiliriz:<\/p>\n\n\n\n<ul class=\"wp-block-list\">\n<li>Bina y\u00fck\u00fcn\u00fcn dengeli \u015fekilde ta\u015f\u0131nmas\u0131n\u0131 sa\u011flar,<\/li>\n\n\n\n<li>Hafifli\u011fi ve y\u00fcksek diren\u00e7 \u00f6zelli\u011fiyle a\u011f\u0131r ve y\u00fcksek katl\u0131 bina y\u00fck\u00fcn\u00fc ta\u015f\u0131r,<\/li>\n\n\n\n<li>Korozyon ve di\u011fer d\u0131\u015f etkenlere kar\u015f\u0131 yap\u0131 dayan\u0131kl\u0131l\u0131\u011f\u0131 ve g\u00fcvenli\u011fi sunar,<\/li>\n\n\n\n<li>\u0130nce kolonlar ile geni\u015f a\u00e7\u0131kl\u0131kl\u0131 malzemeler ile y\u00fcksek katl\u0131 binalar\u0131n \u015f\u0131kl\u0131k ve fonksiyonellik katar,<\/li>\n\n\n\n<li>Modern, dayan\u0131kl\u0131 ve \u015f\u0131k-estetik yap\u0131lar\u0131n \u00fcretilmesini sa\u011flar,<\/li>\n\n\n\n<li>H\u0131zl\u0131 montaj ve kurulum sayesinde projenin zaman\u0131nda teslim edilmesine olanak tan\u0131r,<\/li>\n\n\n\n<li>Kontroll\u00fc \u00fcretim s\u00fcrecine sahip olmas\u0131yla malzemelerin temini ve birle\u015ftirilmesindeki hatalar\u0131 \u00f6nler.<\/li>\n<\/ul>\n\n\n\n<p>\u00c7elik konstr\u00fcksiyon ne i\u015fe yarar sorusunu cevaplad\u0131\u011f\u0131m\u0131za g\u00f6re \u015fimdi de merak edilen di\u011fer sorular\u0131 yan\u0131tlayal\u0131m.<\/p>\n\n\n\n<p><strong>\u00c7elik Konstr\u00fcksiyon Malzemeleri<\/strong><\/p>\n\n\n\n<p>Kolon, kiri\u015f gibi ana ta\u015f\u0131y\u0131c\u0131 elemanlar\u0131n\u0131n t\u00fcm\u00fcn\u00fcn \u00e7elikten olmas\u0131, dayan\u0131kl\u0131 bir yap\u0131y\u0131 beraberinde getirir. \u00c7elik konstr\u00fcksiyon yani \u00e7elik yap\u0131larda kullan\u0131lan ba\u015fl\u0131ca dayan\u0131kl\u0131 malzemeler ise a\u011f\u0131r ve hafif \u00e7elik kategorisinde yer al\u0131r.&nbsp;<strong>A\u011f\u0131r \u00e7elik kategorisindeki malzemeler;&nbsp;<\/strong>I,T ve H profilleri, kal\u0131n \u00e7elik levhalar\u0131, end\u00fcstriyel sanayi borular\u0131 ve S355JR kalitesindeki y\u00fcksek mukavemetli \u00e7eliklerdir.<\/p>\n\n\n\n<p><strong>Hafif \u00e7elik kategorisinde yer alan malzemeler<\/strong>&nbsp;de \u015f\u00f6yledir; galvanizli (U-C profil) profiller, ince \u00e7elik levhalar ve sandvi\u00e7 paneller. Hafif \u00e7elik ve a\u011f\u0131r \u00e7elik kategorisinde yer alan t\u00fcm \u00e7elik malzemeler, yap\u0131n\u0131n temel \u00f6zelliklerine g\u00f6re kullan\u0131l\u0131r. \u00d6rne\u011fin prefabrik yap\u0131larda genellikle hafif \u00e7elik kategorisindeki sandvi\u00e7 paneller ve hafif \u00e7elik \u00e7er\u00e7eve elemanlar\u0131 se\u00e7ilir.<\/p>\n\n\n\n<p><strong>\u00c7elik Konstr\u00fcksiyon Nerelerde Kullan\u0131l\u0131r?<\/strong><\/p>\n\n\n\n<p>\u00c7elik konstr\u00fcksiyon nedir sorusu ile beraber bu yap\u0131lar\u0131n nerede kullan\u0131laca\u011f\u0131 merak edilir.&nbsp;<strong>\u00c7elik konstr\u00fcksiyon kullan\u0131m alanlar\u0131&nbsp;<\/strong>\u015fu \u015fekildedir;<\/p>\n\n\n\n<ul class=\"wp-block-list\">\n<li>End\u00fcstriyel tesislerde,<\/li>\n\n\n\n<li>Hangarlarda,<\/li>\n\n\n\n<li>Spor tesislerinde,<\/li>\n\n\n\n<li>Depolarda,<\/li>\n\n\n\n<li>K\u00f6pr\u00fc ve t\u00fcnellerde,<\/li>\n\n\n\n<li>Stadyumlarda,<\/li>\n\n\n\n<li>B\u00fcy\u00fck balkon ve teraslar\u0131n sundurma \u00e7at\u0131lar\u0131nda,<\/li>\n\n\n\n<li>Geni\u015f \u00fcretim at\u00f6lyelerinde,<\/li>\n\n\n\n<li>AVM\u2019lerde,<\/li>\n\n\n\n<li>Y\u00fcksek katl\u0131 binalarda,<\/li>\n\n\n\n<li>A\u00e7\u0131k otopark sundurmalar\u0131nda,<\/li>\n\n\n\n<li>\u00c7elik evlerde kullan\u0131l\u0131r.<\/li>\n<\/ul>\n\n\n\n<p>G\u00f6r\u00fcld\u00fc\u011f\u00fc \u00fczere y\u00fcksek katl\u0131 \u00e7o\u011fu binada \u00e7elik malzemeden yararlan\u0131l\u0131r. Bunun nedeni elbette \u00e7elik malzemenin sa\u011flam yap\u0131da olmas\u0131d\u0131r. Ayr\u0131ca y\u00fcksek katl\u0131 binalar\u0131n, yatay ve dikey y\u00fcklerin etkilerine dayan\u0131kl\u0131 \u015fekilde in\u015fa edilmesi gerekir. Bina a\u011f\u0131rl\u0131\u011f\u0131 d\u0131\u015f\u0131nda r\u00fczgar, deprem, korozyon gibi etkenlere kar\u015f\u0131 yap\u0131n\u0131n g\u00fc\u00e7lendirilmesi olduk\u00e7a \u00f6nemlidir.<\/p>\n\n\n\n<figure class=\"wp-block-image size-full\"><img loading=\"lazy\" decoding=\"async\" width=\"945\" height=\"709\" src=\"https:\/\/3kcelik.com.tr\/wp-content\/uploads\/2025\/02\/image-3.png\" alt=\"\" class=\"wp-image-15972\" srcset=\"https:\/\/3kcelik.com.tr\/wp-content\/uploads\/2025\/02\/image-3.png 945w, https:\/\/3kcelik.com.tr\/wp-content\/uploads\/2025\/02\/image-3-400x300.png 400w, https:\/\/3kcelik.com.tr\/wp-content\/uploads\/2025\/02\/image-3-768x576.png 768w, https:\/\/3kcelik.com.tr\/wp-content\/uploads\/2025\/02\/image-3-430x323.png 430w, https:\/\/3kcelik.com.tr\/wp-content\/uploads\/2025\/02\/image-3-700x525.png 700w, https:\/\/3kcelik.com.tr\/wp-content\/uploads\/2025\/02\/image-3-150x113.png 150w\" sizes=\"auto, (max-width: 945px) 100vw, 945px\" \/><\/figure>\n\n\n\n<p>\u00d6zellikle deprem ku\u015fa\u011f\u0131nda yer alan T\u00fcrkiye gibi \u00fclkelerde art\u0131k \u00e7elik yap\u0131lar\u0131n dayan\u0131kl\u0131 ve uzun \u00f6m\u00fcrl\u00fc kullan\u0131m sunan etkilerini kullanmak gerekecektir. Peki \u00e7elik konstr\u00fcksiyon yap\u0131 avantajlar\u0131 nelerdir?<\/p>\n\n\n\n<p><strong>\u00c7elik Konstr\u00fcksiyon Kullanman\u0131n Avantajlar\u0131<\/strong><\/p>\n\n\n\n<p>\u00c7elik konstr\u00fcksiyon; h\u0131zl\u0131 montaj, hafiflik, uygun maliyet gibi bir\u00e7ok avantaj\u0131 i\u00e7erir. \u015eimdi bu avantajlar\u0131 detayland\u0131ral\u0131m:<\/p>\n\n\n\n<p><strong>\u25cf&nbsp;&nbsp;&nbsp;&nbsp;&nbsp; Uzun Kullan\u0131m \u00d6mr\u00fc<\/strong><\/p>\n\n\n\n<p>\u00c7elik yap\u0131larda, a\u015f\u0131nmalara ve korozyona kar\u015f\u0131 dayan\u0131kl\u0131 ve paslanmaz \u00e7elik kullan\u0131l\u0131r. Mod\u00fcler evlerde, a\u011f\u0131r- hafif \u00e7elik evlerde ve prefabrik evlerde kullan\u0131lan dayan\u0131kl\u0131 malzemeler, yap\u0131n\u0131n \u00f6mr\u00fcn\u00fc de uzat\u0131r. Pek \u00e7ok etkene kar\u015f\u0131 diren\u00e7li olan \u00e7elik yap\u0131lar, uzun y\u0131llar yap\u0131 g\u00fcvenli\u011fini teminat alt\u0131na al\u0131r.<\/p>\n\n\n\n<p>\u00c7elik konstr\u00fcksiyon ev \u00f6mr\u00fc ne kadard\u0131r sorusunun cevab\u0131 ise ortalama&nbsp;<strong>50 ila 100 y\u0131l aras\u0131nda<\/strong>d\u0131r. Tabii ki \u00e7elik yap\u0131lar\u0131n kullan\u0131m \u00f6mr\u00fcn\u00fc etkileyen birka\u00e7 fakt\u00f6r s\u00f6z konusudur. Bunlar; kullan\u0131lan \u00e7elik malzemenin niteli\u011fi, yap\u0131n\u0131n bulundu\u011fu \u00e7evre ko\u015fullar\u0131 ve yap\u0131 m\u00fchendisli\u011fi-tasar\u0131m\u0131d\u0131r. Kaliteli ve do\u011fru malzeme kullan\u0131m\u0131 ile birlikte yap\u0131 y\u00fcklerinin do\u011fru tasarlanmas\u0131n\u0131 sa\u011flayan bir m\u00fchendislik, \u00e7elik yap\u0131n\u0131n kullan\u0131m \u00f6mr\u00fcn\u00fc de uzat\u0131r.<\/p>\n\n\n\n<p><strong>\u25cf&nbsp;&nbsp;&nbsp;&nbsp;&nbsp; Zaman ve Maliyetten Tasarruf<\/strong><\/p>\n\n\n\n<p>\u00c7elik yap\u0131lar, ihtiya\u00e7lara g\u00f6re \u00f6nceden \u00fcretilen fabrikasyon malzemelerden olu\u015fur. Yani bu malzemeler, fabrikadaki hassas \u00fcretim s\u00fcre\u00e7lerinden ge\u00e7erek haz\u0131r h\u00e2le gelir.&nbsp; Bu \u00fcretim y\u00f6ntemi,<strong>&nbsp;sahada yap\u0131lacak i\u015flemleri de en aza indirir<\/strong>&nbsp;ve malzemelerin \u015fantiyeye geldi\u011finde h\u0131zl\u0131 bir \u015fekilde montajlan\u0131p birle\u015ftirilmesine imk\u00e2n sa\u011flar.<\/p>\n\n\n\n<p>Fabrikasyon \u00fcretimde kullan\u0131lan modern ekipmanlar sayesinde ise malzemeler standartlara uygun ve hatas\u0131z \u00fcretilir. Bu da \u00e7elik yap\u0131n\u0131n kalitesini art\u0131r\u0131r. Ayr\u0131ca fabrikasyon s\u00fcreci kapal\u0131 alanlarda ger\u00e7ekle\u015fti\u011finden hava ko\u015fullar\u0131ndan etkilenmez. Bu durum, \u00f6zellikle zorlu iklim ko\u015fullar\u0131nda \u015fantiye projelerin aksamadan devam etmesini sa\u011flar. Sahada yap\u0131lan i\u015fler azald\u0131\u011f\u0131 i\u00e7in de in\u015faat i\u015f\u00e7ilik maliyetleri d\u00fc\u015fer. Yine montaj s\u00fcrecinde uzman ekiplerin varl\u0131\u011f\u0131 da zamandan tasarruf avantaj\u0131n\u0131 beraberinde getirir.<\/p>\n\n\n\n<p><strong>\u25cf&nbsp;&nbsp;&nbsp;&nbsp;&nbsp; S\u00fcrd\u00fcr\u00fclebilir \u00d6zellikte Olmas\u0131<\/strong><\/p>\n\n\n\n<p>\u00c7elik yap\u0131lar\u0131n, betonarme yap\u0131lara g\u00f6re \u00e7evre dostu olmas\u0131n\u0131n nedeni ise hem \u00fcretim ve hem de kullan\u0131m a\u00e7\u0131s\u0131ndan \u00e7evresel etkiler en aza indirmesidir. Bilindi\u011fi \u00fczere<strong>&nbsp;\u00e7elik, geri d\u00f6n\u00fc\u015ft\u00fcr\u00fclmeye uygun bir malzemedir.&nbsp;<\/strong>Bu \u00f6zelli\u011fi sayesinde s\u00fcrd\u00fcr\u00fclebilir in\u015faat projelerinde s\u0131kl\u0131kla kullan\u0131l\u0131r. Ayr\u0131ca \u00e7elik yap\u0131lar, geleneksel yap\u0131lara g\u00f6re daha h\u0131zl\u0131 bir montaj s\u00fcrecine sahip oldu\u011fundan daha az enerji kullan\u0131m\u0131 da g\u00f6r\u00fcl\u00fcr.<\/p>\n\n\n\n<p>\u00c7elik yap\u0131 projesi, ta\u015f\u0131nabilirlik ve yeniden kurulum \u00f6zelli\u011fiyle de s\u00fcrd\u00fcr\u00fclebilir bir in\u015faat projesidir. Tekrar bir in\u015faat s\u00fcrecine gerek olmadan bir ba\u015fka proje i\u00e7in tekrar kullan\u0131labilir ve kaynak tasarrufu da sa\u011flar.<\/p>\n\n\n\n<p><strong>\u00c7elik konstr\u00fcksiyonun \u00e7evre dostu olmas\u0131n\u0131n<\/strong>&nbsp;bir di\u011fer nedeni ise daha hafif yap\u0131da \u00fcretilmesidir. \u00d6zellikle hafif \u00e7elik, malzeme kullan\u0131m\u0131 a\u00e7\u0131s\u0131ndan betonarme yap\u0131lardan \u00e7ok daha tasarruflu bir tercihtir. Bu \u00f6zelli\u011fi sayesinde fazla kaynak kullan\u0131m\u0131n\u0131 engeller ve \u00e7evre y\u00fck\u00fcn\u00fc de en aza indirir.<\/p>\n\n\n\n<p><strong>\u25cf&nbsp;&nbsp;&nbsp;&nbsp;&nbsp; Dayan\u0131kl\u0131l\u0131k \u00d6zelli\u011fi<\/strong><\/p>\n\n\n\n<p>Buraya kadar s\u0131kl\u0131kla s\u00f6z etti\u011fimiz dayan\u0131kl\u0131l\u0131k unsurunu biraz daha detayland\u0131ral\u0131m. \u00c7elik yap\u0131lar\u0131n dayan\u0131kl\u0131 olmas\u0131n\u0131 sa\u011flayan temel etken \u00e7elikteki fiziksel ve kimyasal \u00f6zelliklerdir. \u00d6ncelikle \u00e7elik, korozyonu \u00f6nleyici kaplamalar kullan\u0131larak korozyona ve paslanmaya diren\u00e7li h\u00e2le getirilir. Yine \u00e7elikteki ala\u015f\u0131m maddeleri de y\u00fcksek dirence sahip olmas\u0131n\u0131 destekler.<\/p>\n\n\n\n<p>\u00c7elik yap\u0131ya dayan\u0131kl\u0131l\u0131k kazand\u0131ran bir di\u011fer unsur ise fabrikada hassas \u00fcretim standartlar\u0131na sahip olmas\u0131d\u0131r. Kontroll\u00fc \u00fcretimi beraberinde getiren bu standartlar sayesinde her bir malzeme ve birle\u015ftirme ad\u0131m\u0131, kontroll\u00fc \u015fekilde planlan\u0131r. Kontroll\u00fc \u00fcretim ile her bir eksiklik veya hata \u00f6nceden tespit edilir. Bu da yap\u0131 elemanlar\u0131n\u0131n zay\u0131f ve eksik \u00fcretilmesini engeller. \u00c7elikte kullan\u0131lan ala\u015f\u0131m malzemeleri ve kaplamalar\u0131 sayesinde;<\/p>\n\n\n\n<ul class=\"wp-block-list\">\n<li>Deprem gibi dinamik etkenlere kar\u015f\u0131 y\u0131k\u0131lma riski olduk\u00e7a azd\u0131r,<\/li>\n\n\n\n<li>R\u00fczgar, kar ya\u011f\u0131\u015f\u0131 ve ya\u011fmura kar\u015f\u0131 diren\u00e7li olmas\u0131yla uzun kullan\u0131m \u00f6mr\u00fcne sahiptir,<\/li>\n\n\n\n<li>Paslanma ve deformasyonlara kar\u015f\u0131 g\u00fc\u00e7lendirildi\u011fi i\u00e7in bak\u0131m masraflar\u0131 da olduk\u00e7a azd\u0131r,<\/li>\n\n\n\n<li>Betonarme yap\u0131lara g\u00f6re daha hafif olmas\u0131ndan dolay\u0131 temel ve zemin \u00fczerinde daha az y\u00fck olu\u015fturarak yap\u0131n\u0131n dayanabilece\u011fi y\u00fckleri ta\u015f\u0131r.<\/li>\n<\/ul>\n\n\n\n<p>\u00c7eli\u011fin g\u00fc\u00e7lendirilmi\u015f \u015fekilde yap\u0131larda kullan\u0131m\u0131, yap\u0131n\u0131n uzun \u00f6mre sahip olmas\u0131n\u0131 da do\u011frudan etkiler.<\/p>\n\n\n\n<figure class=\"wp-block-image size-full\"><img loading=\"lazy\" decoding=\"async\" width=\"945\" height=\"709\" src=\"https:\/\/3kcelik.com.tr\/wp-content\/uploads\/2025\/02\/image-4.png\" alt=\"\" class=\"wp-image-15973\" srcset=\"https:\/\/3kcelik.com.tr\/wp-content\/uploads\/2025\/02\/image-4.png 945w, https:\/\/3kcelik.com.tr\/wp-content\/uploads\/2025\/02\/image-4-400x300.png 400w, https:\/\/3kcelik.com.tr\/wp-content\/uploads\/2025\/02\/image-4-768x576.png 768w, https:\/\/3kcelik.com.tr\/wp-content\/uploads\/2025\/02\/image-4-430x323.png 430w, https:\/\/3kcelik.com.tr\/wp-content\/uploads\/2025\/02\/image-4-700x525.png 700w, https:\/\/3kcelik.com.tr\/wp-content\/uploads\/2025\/02\/image-4-150x113.png 150w\" sizes=\"auto, (max-width: 945px) 100vw, 945px\" \/><\/figure>\n\n\n\n<p><strong>\u25cf&nbsp;&nbsp;&nbsp;&nbsp;&nbsp; \u015eekillendirilebilir Tasar\u0131m<\/strong><\/p>\n\n\n\n<p>\u00c7elik yap\u0131 avantajlar\u0131ndan bir di\u011feri ise farkl\u0131 proje tasar\u0131mlar\u0131na olanak sa\u011flamas\u0131d\u0131r. Yani \u00e7elik konstr\u00fcksiyon, tasar\u0131m esnekli\u011fi sayesinde \u015fekillendirilebilir ve en karma\u015f\u0131k mimari projelerde dahi kullan\u0131labilir \u00f6zelliktedir. Bu esneklik, hem estetik hem de i\u015flevsellik a\u00e7\u0131s\u0131ndan benzersiz mimari projelerinin ortaya \u00e7\u0131kmas\u0131n\u0131 da sa\u011flar.<\/p>\n\n\n\n<p>\u00d6rne\u011fin; stadyumlar, y\u00fcksek katl\u0131 dayan\u0131kl\u0131 plazalar, modern k\u00f6pr\u00fc-t\u00fcneller ve k\u00fclt\u00fcr merkezleri, \u00e7elikten yap\u0131larak esnek ve \u00f6zg\u00fcn tasar\u0131mda \u00fcretilir. Mesela her y\u0131l milyonlarca ki\u015fiyi a\u011f\u0131rlayan Paris Eiffel Kulesi, \u00e7elikten yap\u0131lan benzersiz ve dayan\u0131kl\u0131 tasar\u0131mlar aras\u0131ndad\u0131r. K\u0131sacas\u0131 \u00e7elik malzeme, t\u00fcm teknik \u00f6zellikleriyle birlikte estetik ihtiya\u00e7lar\u0131 ve istekleri kar\u015f\u0131layan \u00f6zelli\u011fiyle de \u00f6n plandad\u0131r.<\/p>\n","protected":false},"excerpt":{"rendered":"<p>Dayan\u0131kl\u0131l\u0131\u011f\u0131 ve uzun \u00f6m\u00fcrl\u00fc kullan\u0131m\u0131 ile yap\u0131 sekt\u00f6r\u00fcnde \u00f6ne \u00e7\u0131kan \u00e7elik konstr\u00fcksiyon nedir biliyor musunuz? \u00c7elik malzemenin ba\u015frol oynad\u0131\u011f\u0131 \u00e7elik<\/p>\n","protected":false},"author":1,"featured_media":0,"parent":0,"menu_order":0,"comment_status":"closed","ping_status":"closed","template":"","meta":{"footnotes":""},"class_list":["post-16423","page","type-page","status-publish","hentry"],"_links":{"self":[{"href":"https:\/\/3kcelik.com.tr\/index.php\/wp-json\/wp\/v2\/pages\/16423","targetHints":{"allow":["GET"]}}],"collection":[{"href":"https:\/\/3kcelik.com.tr\/index.php\/wp-json\/wp\/v2\/pages"}],"about":[{"href":"https:\/\/3kcelik.com.tr\/index.php\/wp-json\/wp\/v2\/types\/page"}],"author":[{"embeddable":true,"href":"https:\/\/3kcelik.com.tr\/index.php\/wp-json\/wp\/v2\/users\/1"}],"replies":[{"embeddable":true,"href":"https:\/\/3kcelik.com.tr\/index.php\/wp-json\/wp\/v2\/comments?post=16423"}],"version-history":[{"count":1,"href":"https:\/\/3kcelik.com.tr\/index.php\/wp-json\/wp\/v2\/pages\/16423\/revisions"}],"predecessor-version":[{"id":16424,"href":"https:\/\/3kcelik.com.tr\/index.php\/wp-json\/wp\/v2\/pages\/16423\/revisions\/16424"}],"wp:attachment":[{"href":"https:\/\/3kcelik.com.tr\/index.php\/wp-json\/wp\/v2\/media?parent=16423"}],"curies":[{"name":"wp","href":"https:\/\/api.w.org\/{rel}","templated":true}]}}