{"id":16418,"date":"2025-03-04T08:45:11","date_gmt":"2025-03-04T08:45:11","guid":{"rendered":"https:\/\/3kcelik.com.tr\/?page_id=16418"},"modified":"2025-03-04T08:45:12","modified_gmt":"2025-03-04T08:45:12","slug":"endustriyel-celik-yapilar","status":"publish","type":"page","link":"https:\/\/3kcelik.com.tr\/index.php\/endustriyel-celik-yapilar\/","title":{"rendered":"End\u00fcstriyel \u00c7elik Yap\u0131lar"},"content":{"rendered":"\n<figure class=\"wp-block-image size-full\"><img loading=\"lazy\" decoding=\"async\" width=\"945\" height=\"709\" src=\"https:\/\/3kcelik.com.tr\/wp-content\/uploads\/2025\/03\/image.png\" alt=\"\" class=\"wp-image-16419\" srcset=\"https:\/\/3kcelik.com.tr\/wp-content\/uploads\/2025\/03\/image.png 945w, https:\/\/3kcelik.com.tr\/wp-content\/uploads\/2025\/03\/image-400x300.png 400w, https:\/\/3kcelik.com.tr\/wp-content\/uploads\/2025\/03\/image-768x576.png 768w, https:\/\/3kcelik.com.tr\/wp-content\/uploads\/2025\/03\/image-430x323.png 430w, https:\/\/3kcelik.com.tr\/wp-content\/uploads\/2025\/03\/image-700x525.png 700w, https:\/\/3kcelik.com.tr\/wp-content\/uploads\/2025\/03\/image-150x113.png 150w\" sizes=\"auto, (max-width: 945px) 100vw, 945px\" \/><\/figure>\n\n\n\n<p><strong>End\u00fcstriyel \u00c7elik Yap\u0131lar<\/strong><\/p>\n\n\n\n<p>End\u00fcstriyel \u00e7elik yap\u0131lar geni\u015f bir \u00fcr\u00fcn \u00e7e\u015fitlili\u011fine sahiptir. Bu yap\u0131lar i\u00e7erisinde farkl\u0131 tipte \u00e7elik kolonlar kullan\u0131labilir.<\/p>\n\n\n\n<p><strong>End\u00fcstriyel yap\u0131lar nelerdir?&nbsp;<\/strong>End\u00fcstriyel yap\u0131 sistemleri, her \u00e7e\u015fit \u00fcr\u00fcn\u00fcn imalat ve montaj a\u015famas\u0131nda kullan\u0131labilir. End\u00fcstriyel yap\u0131lar\u0131n kapsam\u0131 olduk\u00e7a geni\u015ftir. End\u00fcstriyel yap\u0131lar, genel olarak b\u00fcy\u00fck boyutlara sahip binalarda tercih edilir. Yap\u0131m\u0131nda kullan\u0131lacak malzemeler ve teknikler di\u011fer binalara g\u00f6re de\u011fi\u015fiklik g\u00f6sterir.&nbsp;<strong>End\u00fcstriyel \u00e7elik yap\u0131lar<\/strong>\u0131n uzman firmalar aras\u0131ndan imal edilmesi gerekir. T\u00fcrkiye\u2019de betonarme binalar\u0131n say\u0131s\u0131 olduk\u00e7a fazlad\u0131r. G\u00fcn\u00fcm\u00fczde prefabrik yap\u0131lara olan ilginin artmas\u0131 nedeniyle end\u00fcstriyel \u00e7elik yap\u0131larda h\u0131z kazanmaya ba\u015flad\u0131. End\u00fcstriyel \u00e7elik yap\u0131lar\u0131n \u00f6zellikleri;<\/p>\n\n\n\n<ul class=\"wp-block-list\">\n<li>H\u0131zl\u0131 bir \u015fekilde in\u015fa edilir.<\/li>\n\n\n\n<li>Ses-\u0131s\u0131 izolasyonu sa\u011flar.<\/li>\n\n\n\n<li>\u0130ste\u011fe g\u00f6re farkl\u0131 malzemelerle entegre olabilir.<\/li>\n\n\n\n<li>\u00c7evreci \u00f6zelli\u011fi bulunur.<\/li>\n<\/ul>\n\n\n\n<p><strong>\u00c7elik Konstr\u00fcksiyon End\u00fcstriyel Yap\u0131lar<\/strong><\/p>\n\n\n\n<p>End\u00fcstriyel \u00e7elik yap\u0131larda ta\u015f\u0131y\u0131c\u0131 sistemlerin tamam\u0131 \u00e7elikten imal edilir. \u00d6zellikle depremin etkili oldu\u011fu b\u00f6lgelerde y\u00fcksek g\u00fcvenlik deste\u011fi sunar. Kentsel d\u00f6n\u00fc\u015f\u00fcmle beraber kaliteli bir yerle\u015fim d\u00fczeni sa\u011flamak amac\u0131yla \u00e7elik yap\u0131lar tercih edilmeye ba\u015fland\u0131. \u00c7elik konstr\u00fcksiyon end\u00fcstriyel yap\u0131lar\u0131n avantajlar\u0131 aras\u0131nda;<\/p>\n\n\n\n<ul class=\"wp-block-list\">\n<li>H\u0131zl\u0131 ve ekonomik \u015fekilde in\u015fa edilir.<\/li>\n\n\n\n<li>\u0130klim ko\u015fullar\u0131ndan etkilenilmez.<\/li>\n\n\n\n<li>Farkl\u0131 iklim ko\u015fullar\u0131na uyum g\u00f6sterir.<\/li>\n\n\n\n<li>Depreme dayan\u0131kl\u0131d\u0131r.<\/li>\n<\/ul>\n\n\n\n<p>Firmam\u0131z sizler i\u00e7in end\u00fcstriye \u00e7elik yap\u0131lar in\u015fa edebilir. Anahtar teslim projelerimizi internet adresimizden kolayca inceleyebilirsiniz.<\/p>\n\n\n\n<p><strong>Konvansiyonel End\u00fcstriyel Yap\u0131lar<\/strong><\/p>\n\n\n\n<p>\u00dclkemizdeki betonarme binalar s\u0131kl\u0131kla kullan\u0131l\u0131yor. \u00c7elik ve beton beraber kullan\u0131larak betonarme olu\u015fturuluyor. \u00c7elik yap\u0131lar di\u011fer end\u00fcstriyel yap\u0131 t\u00fcrlerine g\u00f6re daha ekonomiktir. Binan\u0131n yap\u0131m\u0131nda kullan\u0131lan malzemelerin dayan\u0131kl\u0131l\u0131\u011f\u0131 olduk\u00e7a \u00f6nemlidir.&nbsp;<strong>Konvansiyonel \u00e7elik yap\u0131lar<\/strong>;<\/p>\n\n\n\n<ul class=\"wp-block-list\">\n<li>Ekonomik bir yap\u0131 t\u00fcr\u00fcd\u00fcr.<\/li>\n\n\n\n<li>K\u0131sa s\u00fcrede in\u015fa edilir.<\/li>\n\n\n\n<li>\u00c7ok katl\u0131 yap\u0131larda kullan\u0131labilir.<\/li>\n<\/ul>\n\n\n\n<p>Ticari ama\u00e7l\u0131 kullan\u0131lan end\u00fcstriyel yap\u0131lar t\u00fcm sekt\u00f6rlerde kendisine yer bulabilir. Firmam\u0131z \u00e7elik yap\u0131lar konusunda arad\u0131\u011f\u0131n\u0131z\u0131 sizlere sunabiliriz. Her t\u00fcrl\u00fc projeye uygun \u00e7\u00f6z\u00fcmlerimizle sizlere hizmet veriyoruz.<\/p>\n\n\n\n<p>Kurulu\u015fumuzdan bu yana kendimizi geli\u015ftirmeye devam ediyoruz. Her hizmetimizde teknolojiyi takip ederek ba\u015far\u0131l\u0131 bir \u015fekilde projeleri tamaml\u0131yoruz. \u00c7elik yap\u0131lar\u0131m\u0131z\u0131 farkl\u0131 alanlar\u0131n ihtiyac\u0131n\u0131z kar\u015f\u0131layacak \u015fekilde tasarlayabiliriz. \u015eantiye tecr\u00fcbemiz ile projenin her a\u015famas\u0131nda kalitemizi ispat edebiliyoruz. \u00c7elik konstr\u00fcksiyon sistemlerinde m\u00fc\u015fterilerimizin taleplerini en iyi \u015fekilde analiz ediyoruz. Daha sonra ise proje a\u015famas\u0131na ge\u00e7iyoruz.<\/p>\n","protected":false},"excerpt":{"rendered":"<p>End\u00fcstriyel \u00c7elik Yap\u0131lar End\u00fcstriyel \u00e7elik yap\u0131lar geni\u015f bir \u00fcr\u00fcn \u00e7e\u015fitlili\u011fine sahiptir. Bu yap\u0131lar i\u00e7erisinde farkl\u0131 tipte \u00e7elik kolonlar kullan\u0131labilir. End\u00fcstriyel<\/p>\n","protected":false},"author":1,"featured_media":0,"parent":0,"menu_order":0,"comment_status":"closed","ping_status":"closed","template":"","meta":{"footnotes":""},"class_list":["post-16418","page","type-page","status-publish","hentry"],"_links":{"self":[{"href":"https:\/\/3kcelik.com.tr\/index.php\/wp-json\/wp\/v2\/pages\/16418","targetHints":{"allow":["GET"]}}],"collection":[{"href":"https:\/\/3kcelik.com.tr\/index.php\/wp-json\/wp\/v2\/pages"}],"about":[{"href":"https:\/\/3kcelik.com.tr\/index.php\/wp-json\/wp\/v2\/types\/page"}],"author":[{"embeddable":true,"href":"https:\/\/3kcelik.com.tr\/index.php\/wp-json\/wp\/v2\/users\/1"}],"replies":[{"embeddable":true,"href":"https:\/\/3kcelik.com.tr\/index.php\/wp-json\/wp\/v2\/comments?post=16418"}],"version-history":[{"count":1,"href":"https:\/\/3kcelik.com.tr\/index.php\/wp-json\/wp\/v2\/pages\/16418\/revisions"}],"predecessor-version":[{"id":16420,"href":"https:\/\/3kcelik.com.tr\/index.php\/wp-json\/wp\/v2\/pages\/16418\/revisions\/16420"}],"wp:attachment":[{"href":"https:\/\/3kcelik.com.tr\/index.php\/wp-json\/wp\/v2\/media?parent=16418"}],"curies":[{"name":"wp","href":"https:\/\/api.w.org\/{rel}","templated":true}]}}